{"id":159,"date":"2025-06-09T09:00:47","date_gmt":"2025-06-09T09:00:47","guid":{"rendered":"https:\/\/test.carevents.fr\/about-carevents\/"},"modified":"2025-06-09T10:29:32","modified_gmt":"2025-06-09T10:29:32","slug":"a-propos-carevents","status":"publish","type":"page","link":"https:\/\/test.carevents.fr\/fr\/a-propos-carevents\/","title":{"rendered":"\u00c0 propos de CarEvents | Exp\u00e9riences Supercars de Luxe"},"content":{"rendered":"\n\t<section class=\"section\" id=\"section_1709542503\">\n\t\t<div class=\"section-bg fill\" >\n\t\t\t\t\t\t\t\t\t\n\t\t\t\n\n\t\t<\/div>\n\n\t\t\n\n\t\t<div class=\"section-content relative\">\n\t\t\t\n\n<div class=\"row\"  id=\"row-1429957811\">\n\n\n\t<div id=\"col-1715193406\" class=\"col large-12\"  >\n\t\t\t\t<div class=\"col-inner\"  >\n\t\t\t\n\t\t\t\n\n\t<div id=\"text-1835597827\" class=\"text\">\n\t\t\n\n<h1>\u00c0 propos de CarEvents<\/h1>\r\n        <p><strong>Exp\u00e9riences de supercars de luxe sur la C\u00f4te d\u2019Azur<\/strong><\/p>\n\t\t\n<style>\n#text-1835597827 {\n  text-align: center;\n}\n<\/style>\n\t<\/div>\n\t\n\n\t\t<\/div>\n\t\t\t\t\t<\/div>\n\n\t\n\n<\/div>\n\n\t\t<\/div>\n\n\t\t\n<style>\n#section_1709542503 {\n  padding-top: 40px 0;\n  padding-bottom: 40px 0;\n  background-color: rgb(255,255,255);\n}\n<\/style>\n\t<\/section>\n\t\n\n\t<section class=\"section\" id=\"section_1020541183\">\n\t\t<div class=\"section-bg fill\" >\n\t\t\t\t\t\t\t\t\t\n\t\t\t\n\n\t\t<\/div>\n\n\t\t\n\n\t\t<div class=\"section-content relative\">\n\t\t\t\n\n<div class=\"row\"  id=\"row-1846522890\">\n\n\n\t<div id=\"col-879287646\" class=\"col medium-6 large-5\"  >\n\t\t\t\t<div class=\"col-inner\"  >\n\t\t\t\n\t\t\t\n\n\t<div class=\"img has-hover x md-x lg-x y md-y lg-y\" id=\"image_1073984953\">\n\t\t\t\t\t\t\t\t<div class=\"img-inner image-cover dark\" style=\"padding-top:auto;\">\n\t\t\t<img loading=\"lazy\" decoding=\"async\" width=\"1020\" height=\"572\" src=\"https:\/\/test.carevents.fr\/wp-content\/uploads\/2025\/06\/cache_466954-1.jpg\" class=\"attachment-large size-large\" alt=\"\" srcset=\"https:\/\/test.carevents.fr\/wp-content\/uploads\/2025\/06\/cache_466954-1.jpg 1024w, https:\/\/test.carevents.fr\/wp-content\/uploads\/2025\/06\/cache_466954-1-300x168.jpg 300w, https:\/\/test.carevents.fr\/wp-content\/uploads\/2025\/06\/cache_466954-1-768x431.jpg 768w\" sizes=\"auto, (max-width: 1020px) 100vw, 1020px\" \/>\t\t\t\t\t\t\n\t\t\t\t\t<\/div>\n\t\t\t\t\t\t\t\t\n<style>\n#image_1073984953 {\n  width: 100%;\n}\n<\/style>\n\t<\/div>\n\t\n\n\n\t\t<\/div>\n\t\t\t\t\t<\/div>\n\n\t\n\n\t<div id=\"col-1854237373\" class=\"col medium-6 large-5\"  >\n\t\t\t\t<div class=\"col-inner\"  >\n\t\t\t\n\t\t\t\n\n<p>Chez <strong>CarEvents<\/strong>, nous transformons des voitures extraordinaires en souvenirs inoubliables. Que vous souhaitiez impressionner vos clients, r\u00e9compenser votre \u00e9quipe ou simplement r\u00e9aliser un r\u00eave au volant d&rsquo;une Ferrari, Lamborghini ou AMG, nos circuits organis\u00e9s avec soin vous offrent l&rsquo;\u00e9l\u00e9gance, la s\u00e9curit\u00e9 et une touche d\u2019exception.<\/p>\r\n\r\n        <p>Nos exp\u00e9riences sont con\u00e7ues pour vous plonger dans les paysages sublimes de la C\u00f4te d\u2019Azur. Des routes c\u00f4ti\u00e8res sinueuses aux cols de montagne spectaculaires, chaque itin\u00e9raire est pens\u00e9 pour le plaisir pur. Chaque d\u00e9tail \u2013 pauses gastronomiques, logistique fluide \u2013 est pris en charge avec soin.<\/p>\n\n\t\t<\/div>\n\t\t\t\t\t<\/div>\n\n\t\n\n<\/div>\n\n\t\t<\/div>\n\n\t\t\n<style>\n#section_1020541183 {\n  padding-top: 30px;\n  padding-bottom: 30px;\n}\n<\/style>\n\t<\/section>\n\t\n\n\t<section class=\"section\" id=\"section_1519715392\">\n\t\t<div class=\"section-bg fill\" >\n\t\t\t\t\t\t\t\t\t\n\t\t\t\n\n\t\t<\/div>\n\n\t\t\n\n\t\t<div class=\"section-content relative\">\n\t\t\t\n\n<div class=\"row\"  id=\"row-712199045\">\n\n\n\t<div id=\"col-1249595073\" class=\"col small-12 large-12\"  >\n\t\t\t\t<div class=\"col-inner\"  >\n\t\t\t\n\t\t\t\n\n\t<div id=\"text-2455799480\" class=\"text\">\n\t\t\n\n<h2>Propuls\u00e9 par Car4Rent<\/h2>\r\n        <p>CarEvents est fi\u00e8rement propuls\u00e9 par <a href=\"https:\/\/car4rent.fr\" target=\"_blank\" rel=\"noopener\"><strong>Car4Rent<\/strong><\/a>, une r\u00e9f\u00e9rence de la location de voitures de luxe depuis 2009.<\/p>\n\t\t\n<style>\n#text-2455799480 {\n  text-align: center;\n}\n<\/style>\n\t<\/div>\n\t\n<p>Bas\u00e9 \u00e0 Cannes, Car4Rent s\u2019est forg\u00e9 une r\u00e9putation solide en proposant des <strong>v\u00e9hicules haut de gamme<\/strong>, un <strong>service VIP<\/strong> et une <strong>passion pour l\u2019excellence automobile<\/strong>. Avec une flotte compos\u00e9e de cabriolets, voitures sportives, SUV de luxe, et d\u00e9sormais des supercars pour des circuits d\u2019un ou plusieurs jours, Car4Rent fid\u00e9lise une client\u00e8le exigeante venue du monde entier.<\/p>\r\n\r\n        <p>CarEvents est n\u00e9 de ce m\u00eame engagement : transformer la conduite en une v\u00e9ritable <strong>exp\u00e9rience<\/strong>, et non un simple service.<\/p>\n\n\t\t<\/div>\n\t\t\t\t\t<\/div>\n\n\t\n\n<\/div>\n\n\t\t<\/div>\n\n\t\t\n<style>\n#section_1519715392 {\n  padding-top: 30px;\n  padding-bottom: 30px;\n  background-color: #f8f8f8;\n}\n<\/style>\n\t<\/section>\n\t\n\n\t<section class=\"section\" id=\"section_1922946913\">\n\t\t<div class=\"section-bg fill\" >\n\t\t\t\t\t\t\t\t\t\n\t\t\t\n\n\t\t<\/div>\n\n\t\t\n\n\t\t<div class=\"section-content relative\">\n\t\t\t\n\n<div class=\"row\"  id=\"row-218015659\">\n\n\n\t<div id=\"col-1303524708\" class=\"col small-12 large-12\"  >\n\t\t\t\t<div class=\"col-inner\"  >\n\t\t\t\n\t\t\t\n\n\t<div id=\"text-1576690362\" class=\"text\">\n\t\t\n\n<h2>Avec qui travaillons-nous ?<\/h2>\n\t\t\n<style>\n#text-1576690362 {\n  text-align: center;\n}\n<\/style>\n\t<\/div>\n\t\n<ul>\r\n          <li>Agences \u00e9v\u00e9nementielles et tours op\u00e9rateurs<\/li>\r\n          <li>H\u00f4tels de luxe et services de conciergerie<\/li>\r\n          <li>Groupes priv\u00e9s et entreprises internationales<\/li>\r\n          <li>Influenceurs lifestyle et partenaires m\u00e9dia<\/li>\r\n        <\/ul>\n\n\t\t<\/div>\n\t\t\t\t\t<\/div>\n\n\t\n\n<\/div>\n\n\t\t<\/div>\n\n\t\t\n<style>\n#section_1922946913 {\n  padding-top: 30px;\n  padding-bottom: 30px;\n}\n<\/style>\n\t<\/section>\n\t\n\n\t<section class=\"section dark\" id=\"section_1640395927\">\n\t\t<div class=\"section-bg fill\" >\n\t\t\t\t\t\t\t\t\t\n\t\t\t\n\n\t\t<\/div>\n\n\t\t\n\n\t\t<div class=\"section-content relative\">\n\t\t\t\n\n<div class=\"row\"  id=\"row-907514365\">\n\n\n\t<div id=\"col-1863665630\" class=\"col small-12 large-12\"  >\n\t\t\t\t<div class=\"col-inner\"  >\n\t\t\t\n\t\t\t\n\n\t<div id=\"text-2010430664\" class=\"text\">\n\t\t\n\n<h2>Pourquoi choisir CarEvents ?<\/h2>\n\t\t\n<style>\n#text-2010430664 {\n  text-align: center;\n}\n<\/style>\n\t<\/div>\n\t\n<ul>\r\n          <li>Plus de 15 ans d\u2019exp\u00e9rience dans la location de voitures de luxe<\/li>\r\n          <li>Supercars assur\u00e9es et homologu\u00e9es pour la route<\/li>\r\n          <li>\u00c9quipe passionn\u00e9e et multilingue<\/li>\r\n          <li>Service personnalis\u00e9 et transparence des tarifs<\/li>\r\n          <li>Bas\u00e9 \u00e0 Cannes, au c\u0153ur de la Riviera<\/li>\r\n        <\/ul>\n\n\t\t<\/div>\n\t\t\t\t\t<\/div>\n\n\t\n\n<\/div>\n\n\t\t<\/div>\n\n\t\t\n<style>\n#section_1640395927 {\n  padding-top: 30px;\n  padding-bottom: 30px;\n  background-color: #000000;\n}\n<\/style>\n\t<\/section>\n\t\n\n\t<section class=\"section\" id=\"section_2142904503\">\n\t\t<div class=\"section-bg fill\" >\n\t\t\t\t\t\t\t\t\t\n\t\t\t\n\n\t\t<\/div>\n\n\t\t\n\n\t\t<div class=\"section-content relative\">\n\t\t\t\n\n<div class=\"row\"  id=\"row-1204727643\">\n\n\n\t<div id=\"col-152146617\" class=\"col large-12\"  >\n\t\t\t\t<div class=\"col-inner text-center\"  >\n\t\t\t\n\t\t\t\n\n\t<div id=\"text-2769481410\" class=\"text\">\n\t\t\n\n<h2>Laissez la route devenir votre sc\u00e8ne<\/h2>\r\n        <p>Avec CarEvents, le voyage devient un souvenir imp\u00e9rissable.<\/p>\n\t\t\n<style>\n#text-2769481410 {\n  text-align: center;\n}\n<\/style>\n\t<\/div>\n\t\n<a href=\"\/contact\" class=\"button primary is-primary\" >\n\t\t<span>Planifiez votre \u00e9v\u00e9nement<\/span>\n\t<\/a>\n\n\n\n\t\t<\/div>\n\t\t\t\t\t<\/div>\n\n\t\n\n<\/div>\n\n\t\t<\/div>\n\n\t\t\n<style>\n#section_2142904503 {\n  padding-top: 30px;\n  padding-bottom: 30px;\n}\n<\/style>\n\t<\/section>\n\t","protected":false},"excerpt":{"rendered":"","protected":false},"author":1,"featured_media":0,"parent":0,"menu_order":0,"comment_status":"closed","ping_status":"closed","template":"","meta":{"footnotes":""},"class_list":["post-159","page","type-page","status-publish","hentry"],"_links":{"self":[{"href":"https:\/\/test.carevents.fr\/fr\/wp-json\/wp\/v2\/pages\/159","targetHints":{"allow":["GET"]}}],"collection":[{"href":"https:\/\/test.carevents.fr\/fr\/wp-json\/wp\/v2\/pages"}],"about":[{"href":"https:\/\/test.carevents.fr\/fr\/wp-json\/wp\/v2\/types\/page"}],"author":[{"embeddable":true,"href":"https:\/\/test.carevents.fr\/fr\/wp-json\/wp\/v2\/users\/1"}],"replies":[{"embeddable":true,"href":"https:\/\/test.carevents.fr\/fr\/wp-json\/wp\/v2\/comments?post=159"}],"version-history":[{"count":6,"href":"https:\/\/test.carevents.fr\/fr\/wp-json\/wp\/v2\/pages\/159\/revisions"}],"predecessor-version":[{"id":166,"href":"https:\/\/test.carevents.fr\/fr\/wp-json\/wp\/v2\/pages\/159\/revisions\/166"}],"wp:attachment":[{"href":"https:\/\/test.carevents.fr\/fr\/wp-json\/wp\/v2\/media?parent=159"}],"curies":[{"name":"wp","href":"https:\/\/api.w.org\/{rel}","templated":true}]}}