{"id":60,"date":"2025-06-05T01:43:09","date_gmt":"2025-06-05T01:43:09","guid":{"rendered":"https:\/\/test.carevents.fr\/?page_id=60"},"modified":"2025-06-09T08:51:44","modified_gmt":"2025-06-09T08:51:44","slug":"contact-carevents","status":"publish","type":"page","link":"https:\/\/test.carevents.fr\/fr\/contact-carevents\/","title":{"rendered":"Contactez CarEvents pour Votre Exp\u00e9rience Supercar"},"content":{"rendered":"\n\t<section class=\"section\" id=\"section_158431814\">\n\t\t<div class=\"section-bg fill\" >\n\t\t\t\t\t\t\t\t\t\n\t\t\t\n\n\t\t<\/div>\n\n\t\t\n\n\t\t<div class=\"section-content relative\">\n\t\t\t<div class=\"row\"  id=\"row-2142868381\">\n\t<div id=\"col-974622401\" class=\"col small-12 large-12\"  >\n\t\t\t\t<div class=\"col-inner dark\"  >\n\t\t\t\n\t\t\t<h2><strong>Organisons Ensemble Votre Exp\u00e9rience Supercar<\/strong><\/h2><p>Une question ? Pr\u00eat \u00e0 r\u00e9server ? Que vous organisiez une aventure priv\u00e9e, un \u00e9v\u00e9nement d\u2019entreprise ou que vous r\u00eaviez simplement de conduire une Ferrari sur la C\u00f4te d\u2019Azur \u2014 nous sommes l\u00e0 pour concr\u00e9tiser votre projet.<\/p><p>Utilisez le formulaire ci-dessous pour contacter CarEvents. Nous vous r\u00e9pondrons rapidement avec des propositions personnalis\u00e9es, des disponibilit\u00e9s et toutes les informations utiles. Nous parlons fran\u00e7ais et anglais, et avons l\u2019habitude d\u2019organiser aussi bien des sorties VIP que de grands \u00e9v\u00e9nements d\u2019entreprise.<\/p><p>Vous pr\u00e9f\u00e9rez nous joindre par t\u00e9l\u00e9phone ou par e-mail ? Nos coordonn\u00e9es compl\u00e8tes sont indiqu\u00e9es plus bas. Nous pouvons \u00e9galement vous aider \u00e0 :<\/p><ul><li>Choisir le meilleur circuit pour votre groupe<\/li><li>Personnaliser votre exp\u00e9rience (branding, logistique, h\u00e9bergement haut de gamme)<\/li><li>Proposer des devis et v\u00e9rifier la disponibilit\u00e9 \u00e0 vos dates<\/li><\/ul><p>Nous avons h\u00e2te de vous accompagner dans cette aventure hors du commun.<\/p>\t\t<\/div>\n\t\t\t\t\t<\/div>\n\n\t<\/div>\t\t<\/div>\n\n\t\t\n<style>\n#section_158431814 {\n  padding-top: 30px;\n  padding-bottom: 30px;\n}\n<\/style>\n\t<\/section>\n\t\n\t<section class=\"section dark\" id=\"section_962698096\">\n\t\t<div class=\"section-bg fill\" >\n\t\t\t\t\t\t\t\t\t\n\t\t\t\n\n\t\t<\/div>\n\n\t\t\n\n\t\t<div class=\"section-content relative\">\n\t\t\t<div class=\"row\"  id=\"row-1558519323\">\n\t<div id=\"col-994836573\" class=\"col large-12\"  >\n\t\t\t\t<div class=\"col-inner text-center\"  >\n\t\t\t\n\t\t\t\t<div id=\"text-3830659044\" class=\"text\">\n\t\t<h1><span class=\"diyfeDecoration\">Contact<\/span><\/h1>\t\t\n<style>\n#text-3830659044 {\n  color: light;\n}\n#text-3830659044 > * {\n  color: light;\n}\n<\/style>\n\t<\/div>\n\t\t\t<\/div>\n\t\t\t\t\t<\/div>\n\n\t<\/div>\t\t<\/div>\n\n\t\t\n<style>\n#section_962698096 {\n  padding-top: 30px;\n  padding-bottom: 30px;\n  background-color: rgb(0,0,0);\n}\n<\/style>\n\t<\/section>\n\t\n\t<section class=\"section\" id=\"section_1581719112\">\n\t\t<div class=\"section-bg fill\" >\n\t\t\t\t\t\t\t\t\t\n\t\t\t\n\n\t\t<\/div>\n\n\t\t\n\n\t\t<div class=\"section-content relative\">\n\t\t\t<div class=\"row\"  id=\"row-382079996\">\n\t<div id=\"col-1846925090\" class=\"col medium-6 small-12 large-6\"  >\n\t\t\t\t<div class=\"col-inner text-center dark\"  >\n\t\t\t\n\t\t\t<h3>\ud83d\udccd Adresse<\/h3><div class=\"rank-math-contact-info contact-left show-name show-address show-phone show-email\"><div class=\"rank-math-contact-section rank-math-contact-name\">\t\t<h4 class=\"rank-math-name\">\n\t\t\t<a href=\"\">CarEvents \u2013 Luxury Supercar Tours on the French Riviera<\/a>\n\t\t<\/h4>\n\t\t<\/div><div class=\"rank-math-contact-section rank-math-contact-address\"><\/div><div class=\"rank-math-contact-section rank-math-contact-phone\"><\/div><div class=\"rank-math-contact-section rank-math-contact-email\"><\/div><\/div><div class=\"clear\"><\/div>\t\t<\/div>\n\t\t\t\t\t<\/div>\n\n\t\n\t<div id=\"col-1909465356\" class=\"col medium-6 small-12 large-6\"  >\n\t\t\t\t<div class=\"col-inner text-center dark\"  >\n\t\t\t\n\t\t\t<h3>\ud83d\udd52 Horaires &#038; Carte<\/h3><div class=\"rank-math-contact-info contact-right show-hours show-map\"><div class=\"rank-math-contact-section rank-math-contact-hours\">\t\t<label>Heures\u00a0:<\/label>\n\t\t<div class=\"rank-math-contact-hours-details\">\n\t\t\t<div class=\"rank-math-opening-hours\"><span class=\"rank-math-opening-days\">lundi, mardi, mercredi, jeudi, vendredi, samedi, dimanche<\/span><span class=\"rank-math-opening-time\">09:00 &ndash; 17:00<\/span><\/div>\t\t<\/div>\n\t\t<\/div><div class=\"rank-math-contact-section rank-math-contact-map\"><\/div><\/div><div class=\"clear\"><\/div>\t\t<\/div>\n\t\t\t\t\t<\/div>\n\n\t<\/div>\t\t<\/div>\n\n\t\t\n<style>\n#section_1581719112 {\n  padding-top: 30px;\n  padding-bottom: 30px;\n}\n<\/style>\n\t<\/section>\n\t","protected":false},"excerpt":{"rendered":"","protected":false},"author":1,"featured_media":31,"parent":0,"menu_order":8,"comment_status":"closed","ping_status":"closed","template":"page-blank.php","meta":{"footnotes":""},"class_list":["post-60","page","type-page","status-publish","has-post-thumbnail","hentry"],"_links":{"self":[{"href":"https:\/\/test.carevents.fr\/fr\/wp-json\/wp\/v2\/pages\/60","targetHints":{"allow":["GET"]}}],"collection":[{"href":"https:\/\/test.carevents.fr\/fr\/wp-json\/wp\/v2\/pages"}],"about":[{"href":"https:\/\/test.carevents.fr\/fr\/wp-json\/wp\/v2\/types\/page"}],"author":[{"embeddable":true,"href":"https:\/\/test.carevents.fr\/fr\/wp-json\/wp\/v2\/users\/1"}],"replies":[{"embeddable":true,"href":"https:\/\/test.carevents.fr\/fr\/wp-json\/wp\/v2\/comments?post=60"}],"version-history":[{"count":1,"href":"https:\/\/test.carevents.fr\/fr\/wp-json\/wp\/v2\/pages\/60\/revisions"}],"predecessor-version":[{"id":68,"href":"https:\/\/test.carevents.fr\/fr\/wp-json\/wp\/v2\/pages\/60\/revisions\/68"}],"wp:featuredmedia":[{"embeddable":true,"href":"https:\/\/test.carevents.fr\/fr\/wp-json\/wp\/v2\/media\/31"}],"wp:attachment":[{"href":"https:\/\/test.carevents.fr\/fr\/wp-json\/wp\/v2\/media?parent=60"}],"curies":[{"name":"wp","href":"https:\/\/api.w.org\/{rel}","templated":true}]}}