{"id":61,"date":"2025-06-05T01:14:17","date_gmt":"2025-06-05T01:14:17","guid":{"rendered":"https:\/\/test.carevents.fr\/?page_id=61"},"modified":"2025-06-09T08:51:43","modified_gmt":"2025-06-09T08:51:43","slug":"supercars-cannes-evenements","status":"publish","type":"page","link":"https:\/\/test.carevents.fr\/fr\/supercars-cannes-evenements\/","title":{"rendered":"\u00c9v\u00e9nements Supercars au D\u00e9part de Cannes"},"content":{"rendered":"\n\t<section class=\"section\" id=\"section_1569915041\">\n\t\t<div class=\"section-bg fill\" >\n\t\t\t\t\t\t\t\t\t\n\t\t\t\n\n\t\t<\/div>\n\n\t\t\n\n\t\t<div class=\"section-content relative\">\n\t\t\t<div class=\"row\"  id=\"row-777306537\">\n\t<div id=\"col-1248909394\" class=\"col medium-3 small-6 large-3\"  >\n\t\t\t\t<div class=\"col-inner\"  >\n\t\t\t\n\t\t\t\t<div class=\"box has-hover   has-hover box-text-bottom\" >\n\n\t\t<div class=\"box-image\" >\n\t\t\t<a href=\"https:\/\/carevents.fr\/monaco-3\/\" target=\"_blank\" rel=\"noopener\">\t\t\t<div class=\"\" >\n\t\t\t\t\t\t\t\t\t\t\t\t\t\t\t<\/div>\n\t\t\t<\/a>\t\t<\/div>\n\n\t\t<div class=\"box-text text-center\" >\n\t\t\t<div class=\"box-text-inner\">\n\t\t\t\t<h2>Cannes &gt;&gt; Monaco<\/h2>\t\t\t<\/div>\n\t\t<\/div>\n\t<\/div>\n\t\t\t<\/div>\n\t\t\t\t\t<\/div>\n\n\t\n\t<div id=\"col-1069889571\" class=\"col medium-3 small-6 large-3\"  >\n\t\t\t\t<div class=\"col-inner\"  >\n\t\t\t\n\t\t\t\t<div class=\"box has-hover   has-hover box-text-bottom\" >\n\n\t\t<div class=\"box-image\" >\n\t\t\t<a href=\"https:\/\/carevents.fr\/saint-tropez\/\" target=\"_blank\" rel=\"noopener\">\t\t\t<div class=\"\" >\n\t\t\t\t\t\t\t\t\t\t\t\t\t\t\t<\/div>\n\t\t\t<\/a>\t\t<\/div>\n\n\t\t<div class=\"box-text text-center\" >\n\t\t\t<div class=\"box-text-inner\">\n\t\t\t\t<h2>Cannes &gt;&gt; Saint-Tropez<\/h2>\t\t\t<\/div>\n\t\t<\/div>\n\t<\/div>\n\t\t\t<\/div>\n\t\t\t\t\t<\/div>\n\n\t\n\t<div id=\"col-744954206\" class=\"col medium-3 small-6 large-3\"  >\n\t\t\t\t<div class=\"col-inner\"  >\n\t\t\t\n\t\t\t\t<div class=\"box has-hover   has-hover box-text-bottom\" >\n\n\t\t<div class=\"box-image\" >\n\t\t\t<a href=\"https:\/\/carevents.fr\/sea-to-sky\/\" target=\"_blank\" rel=\"noopener\">\t\t\t<div class=\"\" >\n\t\t\t\t\t\t\t\t\t\t\t\t\t\t\t<\/div>\n\t\t\t<\/a>\t\t<\/div>\n\n\t\t<div class=\"box-text text-center\" >\n\t\t\t<div class=\"box-text-inner\">\n\t\t\t\t<h2>Cannes &gt;&gt; ISOLA 2000<\/h2>\t\t\t<\/div>\n\t\t<\/div>\n\t<\/div>\n\t\t\t<\/div>\n\t\t\t\t\t<\/div>\n\n\t\n\t<div id=\"col-448917200\" class=\"col medium-3 small-6 large-3\"  >\n\t\t\t\t<div class=\"col-inner\"  >\n\t\t\t\n\t\t\t\t<div class=\"box has-hover   has-hover box-text-bottom\" >\n\n\t\t<div class=\"box-image\" >\n\t\t\t<a href=\"https:\/\/carevents.fr\/the-castle-life\/\" target=\"_blank\" rel=\"noopener\">\t\t\t<div class=\"\" >\n\t\t\t\t\t\t\t\t\t\t\t\t\t\t\t<\/div>\n\t\t\t<\/a>\t\t<\/div>\n\n\t\t<div class=\"box-text text-center\" >\n\t\t\t<div class=\"box-text-inner\">\n\t\t\t\t<h2>Cannes &gt;&gt; Sainte-Croix-du-Verdon<\/h2>\t\t\t<\/div>\n\t\t<\/div>\n\t<\/div>\n\t\t\t<\/div>\n\t\t\t\t\t<\/div>\n\n\t<\/div>\t\t<\/div>\n\n\t\t\n<style>\n#section_1569915041 {\n  padding-top: 30px;\n  padding-bottom: 30px;\n}\n<\/style>\n\t<\/section>\n\t\n\t<section class=\"section\" id=\"section_1614846941\">\n\t\t<div class=\"section-bg fill\" >\n\t\t\t\t\t\t\t\t\t\n\t\t\t\n\n\t\t<\/div>\n\n\t\t\n\n\t\t<div class=\"section-content relative\">\n\t\t\t<div class=\"row\"  id=\"row-2035357128\">\n\t<div id=\"col-1419975721\" class=\"col small-12 large-12\"  >\n\t\t\t\t<div class=\"col-inner dark\"  >\n\t\t\t\n\t\t\t<h2><strong>D\u00e9couvrez nos circuits de conduite de supercars au d\u00e9part de Cannes<\/strong><\/h2><p>Envie de vivre les meilleurs <strong>\u00e9v\u00e9nements de conduite de supercars sur la C\u00f4te d\u2019Azur<\/strong> ? Partez de Cannes et choisissez votre itin\u00e9raire de r\u00eave parmi nos circuits haut de gamme \u2014 con\u00e7us pour vous offrir puissance, \u00e9l\u00e9gance et sensations inoubliables.<\/p><p>Que vous r\u00eaviez d\u2019une escapade c\u00f4ti\u00e8re, d\u2019une aventure en montagne ou d\u2019une exp\u00e9rience de luxe sur plusieurs jours, CarEvents a une formule pour chaque passionn\u00e9 d\u2019automobile.<\/p><p>\ud83d\udc49 <strong>Roadgame Cannes \u2013 Monaco<\/strong><br \/>4 heures d\u2019adr\u00e9naline avec des arr\u00eats dans la principaut\u00e9 et les cols alpins.<\/p><p>\ud83d\udc49 <strong>Roadgame Saint-Tropez<\/strong><br \/>Conduisez sur les routes de la Corniche jusqu\u2019\u00e0 la ville la plus chic de la Riviera, puis retour \u00e0 Cannes avec style.<\/p><p>\ud83d\udc49 <strong>Circuit Sea to Sky (Isola 2000)<\/strong><br \/>De la mer aux sommets enneig\u00e9s : roulez sur la glace et d\u00eenez dans un chalet de montagne \u2014 le tout en une seule journ\u00e9e.<\/p><p>\ud83d\udc49 <strong>Circuit La Vie de Ch\u00e2teau<\/strong><br \/>Trois jours, deux h\u00f4tels de luxe, repas gastronomiques, et plus de 300 km de pur plaisir \u00e0 travers Saint-Tropez et le Verdon.<\/p><p>Chaque \u00e9v\u00e9nement inclut :<\/p><ul><li>Une rotation de Ferrari, Bentley, Lamborghini, AMG &#038; plus<\/li><li>Des pauses gourmandes et des haltes de prestige<\/li><li>Une assistance d\u00e9di\u00e9e et une coordination compl\u00e8te<\/li><li>Un format convivial pour groupes (10\u201320 invit\u00e9s)<\/li><\/ul><p>Que ce soit pour motiver votre \u00e9quipe, impressionner vos clients ou simplement vivre un r\u00eave personnel, ces exp\u00e9riences de conduite depuis Cannes vont au-del\u00e0 de l\u2019ordinaire.<\/p>\t\t<\/div>\n\t\t\t\t\t<\/div>\n\n\t<\/div>\t\t<\/div>\n\n\t\t\n<style>\n#section_1614846941 {\n  padding-top: 30px;\n  padding-bottom: 30px;\n}\n<\/style>\n\t<\/section>\n\t","protected":false},"excerpt":{"rendered":"","protected":false},"author":1,"featured_media":34,"parent":0,"menu_order":7,"comment_status":"closed","ping_status":"closed","template":"page-blank.php","meta":{"footnotes":""},"class_list":["post-61","page","type-page","status-publish","has-post-thumbnail","hentry"],"_links":{"self":[{"href":"https:\/\/test.carevents.fr\/fr\/wp-json\/wp\/v2\/pages\/61","targetHints":{"allow":["GET"]}}],"collection":[{"href":"https:\/\/test.carevents.fr\/fr\/wp-json\/wp\/v2\/pages"}],"about":[{"href":"https:\/\/test.carevents.fr\/fr\/wp-json\/wp\/v2\/types\/page"}],"author":[{"embeddable":true,"href":"https:\/\/test.carevents.fr\/fr\/wp-json\/wp\/v2\/users\/1"}],"replies":[{"embeddable":true,"href":"https:\/\/test.carevents.fr\/fr\/wp-json\/wp\/v2\/comments?post=61"}],"version-history":[{"count":1,"href":"https:\/\/test.carevents.fr\/fr\/wp-json\/wp\/v2\/pages\/61\/revisions"}],"predecessor-version":[{"id":69,"href":"https:\/\/test.carevents.fr\/fr\/wp-json\/wp\/v2\/pages\/61\/revisions\/69"}],"wp:featuredmedia":[{"embeddable":true,"href":"https:\/\/test.carevents.fr\/fr\/wp-json\/wp\/v2\/media\/34"}],"wp:attachment":[{"href":"https:\/\/test.carevents.fr\/fr\/wp-json\/wp\/v2\/media?parent=61"}],"curies":[{"name":"wp","href":"https:\/\/api.w.org\/{rel}","templated":true}]}}