{"id":62,"date":"2025-06-05T00:03:21","date_gmt":"2025-06-05T00:03:21","guid":{"rendered":"https:\/\/test.carevents.fr\/?page_id=62"},"modified":"2025-06-09T08:51:43","modified_gmt":"2025-06-09T08:51:43","slug":"flotte-supercars-luxe","status":"publish","type":"page","link":"https:\/\/test.carevents.fr\/fr\/flotte-supercars-luxe\/","title":{"rendered":"D\u00e9couvrez Notre Flotte de Supercars de Luxe"},"content":{"rendered":"\n\t<section class=\"section\" id=\"section_85067243\">\n\t\t<div class=\"section-bg fill\" >\n\t\t\t\t\t\t\t\t\t\n\t\t\t\n\n\t\t<\/div>\n\n\t\t\n\n\t\t<div class=\"section-content relative\">\n\t\t\t<div class=\"row\"  id=\"row-1946766536\">\n\t<div id=\"col-1656199061\" class=\"col small-12 large-12\"  >\n\t\t\t\t<div class=\"col-inner dark\"  >\n\t\t\t\n\t\t\t<h2><strong>D\u00e9couvrez Notre Flotte de Supercars de Luxe sur la C\u00f4te d\u2019Azur<\/strong><\/h2><p>Chez CarEvents, nous pensons que la voiture fait le voyage. Notre exp\u00e9rience de <strong>location de supercars de luxe sur la C\u00f4te d\u2019Azur<\/strong> vous permet de prendre le volant de mod\u00e8les parmi les plus iconiques et puissants au monde \u2014 le long des plus belles routes c\u00f4ti\u00e8res d\u2019Europe.<\/p><p>De Ferrari \u00e0 Bentley, de Lamborghini \u00e0 Rolls Royce, chaque v\u00e9hicule de notre flotte est s\u00e9lectionn\u00e9 pour ses performances, son prestige et sa prestance. Que vous participiez \u00e0 l\u2019un de nos circuits ou organisiez un \u00e9v\u00e9nement priv\u00e9, vous aurez acc\u00e8s \u00e0 :<\/p><ul><li><strong>Ferrari 488 &#038; 458 Spider<\/strong> \u2013 Vitesse, pr\u00e9cision et design italien<\/li><li><strong>Bentley Continental GTC<\/strong> \u2013 Puissance et raffinement<\/li><li><strong>Rolls Royce Dawn<\/strong> \u2013 Le summum du luxe \u00e0 ciel ouvert<\/li><li><strong>Lamborghini Hurac\u00e1n LP610-4<\/strong> \u2013 Audacieuse, exotique, f\u00e9roce<\/li><li><strong>AMG GTS &#038; S63 Cabriolet<\/strong> \u2013 Muscles allemands et \u00e9l\u00e9gance d\u00e9capotable<\/li><li><strong>Jaguar, BMW i8 &#038; 640d<\/strong> \u2013 Sophistication, fluidit\u00e9 et \u00e9quilibre parfait<\/li><\/ul><p>Chaque supercar offre des sensations de conduite incomparables, avec tout le confort et les performances dignes des plus grandes marques, au c\u0153ur du sud de la France.<\/p><p>Tous nos v\u00e9hicules sont entretenus avec soin. Chaque r\u00e9servation comprend un briefing professionnel, une assistance personnalis\u00e9e, et un habillage \u00e9v\u00e9nementiel sur demande.<\/p><p>Que ce soit pour impressionner un client, marquer une grande occasion ou r\u00e9aliser un r\u00eave, notre <strong>flotte de supercars<\/strong> est pr\u00eate \u00e0 vous faire vibrer.<\/p>\t\t<\/div>\n\t\t\t\t\t<\/div>\n\n\t<\/div>\t\t<\/div>\n\n\t\t\n<style>\n#section_85067243 {\n  padding-top: 30px;\n  padding-bottom: 30px;\n}\n<\/style>\n\t<\/section>\n\t\n\t<section class=\"section\" id=\"section_1675293548\">\n\t\t<div class=\"section-bg fill\" >\n\t\t\t\t\t\t\t\t\t\n\t\t\t\n\n\t\t<\/div>\n\n\t\t\n\n\t\t<div class=\"section-content relative\">\n\t\t\t<div class=\"container section-title-container\" ><h1 class=\"section-title section-title-center\"><b aria-hidden=\"true\"><\/b><span class=\"section-title-main\" >The Cars<\/span><b aria-hidden=\"true\"><\/b><\/h1><\/div><div class=\"row\"  id=\"row-2097659700\">\n\t<div id=\"col-1692785865\" class=\"col medium-3 small-12 large-3\"  >\n\t\t\t\t<div class=\"col-inner dark\"  >\n\t\t\t\n\t\t\t\t<div class=\"box has-hover   has-hover box-text-bottom\" >\n\n\t\t<div class=\"box-image\" >\n\t\t\t\t\t\t<div class=\"\" >\n\t\t\t\t\t\t\t\t\t\t\t\t\t\t\t<\/div>\n\t\t\t\t\t<\/div>\n\n\t\t<div class=\"box-text text-center\" >\n\t\t\t<div class=\"box-text-inner\">\n\t\t\t\t<p><img loading=\"lazy\" decoding=\"async\" class=\"size-full wp-image-45596 aligncenter\" src=\"https:\/\/carevents.fr\/wp-content\/uploads\/ferrari-logo-yellow-variant.png\" alt=\"\" width=\"69\" height=\"51\" \/><\/p><h2><span class=\"diyfeDecoration\">Ferrari 488 Spider<\/span><\/h2><p>V8 bi-turbo 670ch<\/p><p>760 Nm \u00e0 3000 tr\/min<\/p><p>0-100 km\/h en 3s<\/p><p>325 km\/h max<\/p><p>1525 kg<\/p>\t\t\t<\/div>\n\t\t<\/div>\n\t<\/div>\n\t\t\t<\/div>\n\t\t\t\t\t<\/div>\n\n\t\n\t<div id=\"col-1879693262\" class=\"col medium-3 small-12 large-3\"  >\n\t\t\t\t<div class=\"col-inner dark\"  >\n\t\t\t\n\t\t\t\t<div class=\"box has-hover   has-hover box-text-bottom\" >\n\n\t\t<div class=\"box-image\" >\n\t\t\t\t\t\t<div class=\"\" >\n\t\t\t\t\t\t\t\t\t\t\t\t\t\t\t<\/div>\n\t\t\t\t\t<\/div>\n\n\t\t<div class=\"box-text text-center\" >\n\t\t\t<div class=\"box-text-inner\">\n\t\t\t\t<p><img loading=\"lazy\" decoding=\"async\" class=\"size-full wp-image-45596 aligncenter\" src=\"https:\/\/carevents.fr\/wp-content\/uploads\/ferrari-logo-yellow-variant.png\" alt=\"\" width=\"69\" height=\"51\" \/><\/p><h2><span class=\"diyfeDecoration\">Ferrai 458 spider<\/span><\/h2><p>V8 570ch<\/p><p>540 Nm \u00e0 6000 tr\/min<\/p><p>0-100 km\/h en 3,4s<\/p><p>320 km\/h max<\/p><p>1535 kg<\/p>\t\t\t<\/div>\n\t\t<\/div>\n\t<\/div>\n\t\t\t<\/div>\n\t\t\t\t\t<\/div>\n\n\t\n\t<div id=\"col-331696001\" class=\"col medium-3 small-12 large-3\"  >\n\t\t\t\t<div class=\"col-inner dark\"  >\n\t\t\t\n\t\t\t\t<div class=\"box has-hover   has-hover box-text-bottom\" >\n\n\t\t<div class=\"box-image\" >\n\t\t\t\t\t\t<div class=\"\" >\n\t\t\t\t\t\t\t\t\t\t\t\t\t\t\t<\/div>\n\t\t\t\t\t<\/div>\n\n\t\t<div class=\"box-text text-center\" >\n\t\t\t<div class=\"box-text-inner\">\n\t\t\t\t<p><img loading=\"lazy\" decoding=\"async\" class=\"size-full wp-image-45601 aligncenter\" src=\"https:\/\/carevents.fr\/wp-content\/uploads\/bentley-logo-wings.png\" alt=\"\" width=\"152\" height=\"50\" \/><\/p><h2><span class=\"diyfeDecoration\">Bentley Continental GTC V8<\/span><\/h2><p>V8 bi-turbo 507ch<\/p><p>660 Nm \u00e0 1700 tr\/min<\/p><p>0-100 km\/h en 5s<\/p><p>300 km\/h max<\/p><p>2470 kg<\/p>\t\t\t<\/div>\n\t\t<\/div>\n\t<\/div>\n\t\t\t<\/div>\n\t\t\t\t\t<\/div>\n\n\t\n\t<div id=\"col-536552643\" class=\"col medium-3 small-12 large-3\"  >\n\t\t\t\t<div class=\"col-inner dark\"  >\n\t\t\t\n\t\t\t\t<div class=\"box has-hover   has-hover box-text-bottom\" >\n\n\t\t<div class=\"box-image\" >\n\t\t\t\t\t\t<div class=\"\" >\n\t\t\t\t\t\t\t\t\t\t\t\t\t\t\t<\/div>\n\t\t\t\t\t<\/div>\n\n\t\t<div class=\"box-text text-center\" >\n\t\t\t<div class=\"box-text-inner\">\n\t\t\t\t<p><img loading=\"lazy\" decoding=\"async\" class=\"size-full wp-image-45604 aligncenter\" src=\"https:\/\/carevents.fr\/wp-content\/uploads\/rolls-royce-logo-silver.png\" alt=\"\" width=\"62\" height=\"62\" \/><\/p><h2><span class=\"diyfeDecoration\">Rolls Royce Dawn<\/span><\/h2><p>V12 bi-turbo 570ch<\/p><p>780 Nm \u00e0 1500 tr\/min<\/p><p>0-100 km\/h en 4,9s<\/p><p>250 km\/h max<\/p><p>2560 kg<\/p>\t\t\t<\/div>\n\t\t<\/div>\n\t<\/div>\n\t\t\t<\/div>\n\t\t\t\t\t<\/div>\n\n\t<\/div><div class=\"row\"  id=\"row-1194880227\">\n\t<div id=\"col-1048093868\" class=\"col medium-3 small-12 large-3\"  >\n\t\t\t\t<div class=\"col-inner dark\"  >\n\t\t\t\n\t\t\t\t<div class=\"box has-hover   has-hover box-text-bottom\" >\n\n\t\t<div class=\"box-image\" >\n\t\t\t\t\t\t<div class=\"\" >\n\t\t\t\t\t\t\t\t\t\t\t\t\t\t\t<\/div>\n\t\t\t\t\t<\/div>\n\n\t\t<div class=\"box-text text-center\" >\n\t\t\t<div class=\"box-text-inner\">\n\t\t\t\t<div class=\"n module-type-header diyfeLiveArea \"><h2><img loading=\"lazy\" decoding=\"async\" class=\"size-full wp-image-45605 aligncenter\" src=\"https:\/\/carevents.fr\/wp-content\/uploads\/mercedes-logo-silver-variant.png\" alt=\"\" width=\"50\" height=\"51\" \/><\/h2><h2><span class=\"diyfeDecoration\">Mercedes-Benz AMG GTS<\/span><\/h2><\/div><div class=\"n module-type-hr diyfeLiveArea \"><div><div class=\"hr\"><span style=\"color: #555555;font-size: 14.4px\">V8 bi-turbo 510ch<\/span><\/div><\/div><\/div><div class=\"n module-type-text diyfeLiveArea \"><p>650 Nm \u00e0 1750 tr\/min<\/p><p>0-100 km\/h en 3,8s<\/p><p>310 km\/h max<\/p><p>1645 kg<\/p><\/div>\t\t\t<\/div>\n\t\t<\/div>\n\t<\/div>\n\t\t\t<\/div>\n\t\t\t\t\t<\/div>\n\n\t\n\t<div id=\"col-1964105617\" class=\"col medium-3 small-12 large-3\"  >\n\t\t\t\t<div class=\"col-inner dark\"  >\n\t\t\t\n\t\t\t\t<div class=\"box has-hover   has-hover box-text-bottom\" >\n\n\t\t<div class=\"box-image\" >\n\t\t\t\t\t\t<div class=\"\" >\n\t\t\t\t\t\t\t\t\t\t\t\t\t\t\t<\/div>\n\t\t\t\t\t<\/div>\n\n\t\t<div class=\"box-text text-center\" >\n\t\t\t<div class=\"box-text-inner\">\n\t\t\t\t<p><img decoding=\"async\" class=\"aligncenter\" src=\"https:\/\/carevents.fr\/wp-content\/uploads\/mercedes-logo-silver-variant.png\" alt=\"Mercedes Logo\" width=\"55\" \/><\/p><div class=\"n module-type-header diyfeLiveArea \"><h2><span class=\"diyfeDecoration\">Mercedes-Benz S63 AMG cabriolet<\/span><\/h2><\/div><div class=\"n module-type-hr diyfeLiveArea \"><div><div class=\"hr\"><span style=\"color: #555555;font-size: 14.4px\">V8 bi-turbo 585ch<\/span><\/div><\/div><\/div><div class=\"n module-type-text diyfeLiveArea \"><p>900 Nm \u00e0 2250 tr\/min<\/p><p>0-100 km\/h en 3,9s<\/p><p>250 km\/h max<\/p><p>2185 kg<\/p><\/div>\t\t\t<\/div>\n\t\t<\/div>\n\t<\/div>\n\t\t\t<\/div>\n\t\t\t\t\t<\/div>\n\n\t\n\t<div id=\"col-1115147950\" class=\"col medium-3 small-12 large-3\"  >\n\t\t\t\t<div class=\"col-inner dark\"  >\n\t\t\t\n\t\t\t\t<div class=\"box has-hover   has-hover box-text-bottom\" >\n\n\t\t<div class=\"box-image\" >\n\t\t\t\t\t\t<div class=\"\" >\n\t\t\t\t\t\t\t\t\t\t\t\t\t\t\t<\/div>\n\t\t\t\t\t<\/div>\n\n\t\t<div class=\"box-text text-center\" >\n\t\t\t<div class=\"box-text-inner\">\n\t\t\t\t<p><img loading=\"lazy\" decoding=\"async\" class=\"size-full wp-image-45606 aligncenter\" src=\"https:\/\/carevents.fr\/wp-content\/uploads\/lamborghini-logo.png\" alt=\"\" width=\"50\" height=\"56\" \/><\/p><div class=\"n module-type-header diyfeLiveArea \"><h2><span class=\"diyfeDecoration\">Lamborghini Huracan LP 610-4<\/span><\/h2><\/div><div class=\"n module-type-hr diyfeLiveArea \"><div><div class=\"hr\"><span style=\"color: #555555;font-size: 14.4px\">V10 610ch<\/span><\/div><\/div><\/div><div class=\"n module-type-text diyfeLiveArea \"><p>560 NM \u00e0 6500 tr\/min<\/p><p>0-100 km\/h 3,2s<\/p><p>325 km\/h max<\/p><p>1422 kg<\/p><\/div>\t\t\t<\/div>\n\t\t<\/div>\n\t<\/div>\n\t\t\t<\/div>\n\t\t\t\t\t<\/div>\n\n\t\n\t<div id=\"col-1463636399\" class=\"col medium-3 small-12 large-3\"  >\n\t\t\t\t<div class=\"col-inner dark\"  >\n\t\t\t\n\t\t\t\t<div class=\"box has-hover   has-hover box-text-bottom\" >\n\n\t\t<div class=\"box-image\" >\n\t\t\t\t\t\t<div class=\"\" >\n\t\t\t\t\t\t\t\t\t\t\t\t\t\t\t<\/div>\n\t\t\t\t\t<\/div>\n\n\t\t<div class=\"box-text text-center\" >\n\t\t\t<div class=\"box-text-inner\">\n\t\t\t\t<div class=\"n module-type-header diyfeLiveArea \"><h2><img loading=\"lazy\" decoding=\"async\" class=\"size-full wp-image-45607 aligncenter\" src=\"https:\/\/carevents.fr\/wp-content\/uploads\/jaguar-logo-silver.png\" alt=\"\" width=\"150\" height=\"54\" \/><\/h2><h2><span class=\"diyfeDecoration\">Jaguar F-Type V6 S cabriolet<\/span><\/h2><\/div><div class=\"n module-type-hr diyfeLiveArea \"><div><div class=\"hr\"><span style=\"color: #555555;font-size: 14.4px\">V6 compresseur 380 ch<\/span><\/div><\/div><\/div><div class=\"n module-type-text diyfeLiveArea \"><p>460 Nm \u00e0 3500 tr\/min<\/p><p>0-100 km\/h en 4,9s<\/p><p>275 km\/h max<\/p><p>1614 kg<\/p><\/div>\t\t\t<\/div>\n\t\t<\/div>\n\t<\/div>\n\t\t\t<\/div>\n\t\t\t\t\t<\/div>\n\n\t<\/div><div class=\"row align-center\"  id=\"row-1764550921\">\n\t<div id=\"col-128749822\" class=\"col medium-3 small-12 large-3\"  >\n\t\t\t\t<div class=\"col-inner dark\"  >\n\t\t\t\n\t\t\t\t<div class=\"box has-hover   has-hover box-text-bottom\" >\n\n\t\t<div class=\"box-image\" >\n\t\t\t\t\t\t<div class=\"\" >\n\t\t\t\t\t\t\t\t\t\t\t\t\t\t\t<\/div>\n\t\t\t\t\t<\/div>\n\n\t\t<div class=\"box-text text-center\" >\n\t\t\t<div class=\"box-text-inner\">\n\t\t\t\t<div class=\"n module-type-header diyfeLiveArea \"><h2><img loading=\"lazy\" decoding=\"async\" class=\"size-full wp-image-45613 aligncenter\" src=\"https:\/\/carevents.fr\/wp-content\/uploads\/bmw-logo-e1749076653739.png\" alt=\"\" width=\"52\" height=\"52\" \/><\/h2><h2><span class=\"diyfeDecoration\">BMW 640d cabriolet<\/span><\/h2><\/div><div class=\"n module-type-hr diyfeLiveArea \"><div><div class=\"hr\"><span style=\"color: #555555;font-size: 14.4px\">V8 bi-turbo 313ch<\/span><\/div><\/div><\/div><div class=\"n module-type-text diyfeLiveArea \"><p>630 Nm \u00e0 1500 tr\/min<\/p><p>0-100 km\/h en 5,5s<\/p><p>250 km\/h max<\/p><p>1935 kg<\/p><\/div>\t\t\t<\/div>\n\t\t<\/div>\n\t<\/div>\n\t\t\t<\/div>\n\t\t\t\t\t<\/div>\n\n\t\n\t<div id=\"col-751312023\" class=\"col medium-3 small-12 large-3\"  >\n\t\t\t\t<div class=\"col-inner dark\"  >\n\t\t\t\n\t\t\t\t<div class=\"box has-hover   has-hover box-text-bottom\" >\n\n\t\t<div class=\"box-image\" >\n\t\t\t\t\t\t<div class=\"\" >\n\t\t\t\t\t\t\t\t\t\t\t\t\t\t\t<\/div>\n\t\t\t\t\t<\/div>\n\n\t\t<div class=\"box-text text-center\" >\n\t\t\t<div class=\"box-text-inner\">\n\t\t\t\t<div class=\"n module-type-header diyfeLiveArea \"><h2><img loading=\"lazy\" decoding=\"async\" class=\"size-full wp-image-45613 aligncenter\" src=\"https:\/\/carevents.fr\/wp-content\/uploads\/bmw-logo-e1749076653739.png\" alt=\"\" width=\"52\" height=\"52\" \/><\/h2><h2><span class=\"diyfeDecoration\">BMW i8<\/span><\/h2><\/div><div class=\"n module-type-hr diyfeLiveArea \"><div><div class=\"hr\"><span style=\"color: #555555;font-size: 14.4px\">3 cyl. turbo+\u00e9lectrique 362ch<\/span><\/div><\/div><\/div><div class=\"n module-type-text diyfeLiveArea \"><p>570 Nm \u00e0 3700 tr\/min<\/p><p>0-100 km\/h en 4,4s<\/p><p>250 km\/h max<\/p><p>1485 kg<\/p><\/div>\t\t\t<\/div>\n\t\t<\/div>\n\t<\/div>\n\t\t\t<\/div>\n\t\t\t\t\t<\/div>\n\n\t<\/div>\t\t<\/div>\n\n\t\t\n<style>\n#section_1675293548 {\n  padding-top: 30px;\n  padding-bottom: 30px;\n}\n<\/style>\n\t<\/section>\n\t","protected":false},"excerpt":{"rendered":"","protected":false},"author":1,"featured_media":37,"parent":0,"menu_order":6,"comment_status":"closed","ping_status":"closed","template":"page-blank.php","meta":{"footnotes":""},"class_list":["post-62","page","type-page","status-publish","has-post-thumbnail","hentry"],"_links":{"self":[{"href":"https:\/\/test.carevents.fr\/fr\/wp-json\/wp\/v2\/pages\/62","targetHints":{"allow":["GET"]}}],"collection":[{"href":"https:\/\/test.carevents.fr\/fr\/wp-json\/wp\/v2\/pages"}],"about":[{"href":"https:\/\/test.carevents.fr\/fr\/wp-json\/wp\/v2\/types\/page"}],"author":[{"embeddable":true,"href":"https:\/\/test.carevents.fr\/fr\/wp-json\/wp\/v2\/users\/1"}],"replies":[{"embeddable":true,"href":"https:\/\/test.carevents.fr\/fr\/wp-json\/wp\/v2\/comments?post=62"}],"version-history":[{"count":1,"href":"https:\/\/test.carevents.fr\/fr\/wp-json\/wp\/v2\/pages\/62\/revisions"}],"predecessor-version":[{"id":70,"href":"https:\/\/test.carevents.fr\/fr\/wp-json\/wp\/v2\/pages\/62\/revisions\/70"}],"wp:featuredmedia":[{"embeddable":true,"href":"https:\/\/test.carevents.fr\/fr\/wp-json\/wp\/v2\/media\/37"}],"wp:attachment":[{"href":"https:\/\/test.carevents.fr\/fr\/wp-json\/wp\/v2\/media?parent=62"}],"curies":[{"name":"wp","href":"https:\/\/api.w.org\/{rel}","templated":true}]}}