{"id":63,"date":"2025-06-04T22:56:05","date_gmt":"2025-06-04T22:56:05","guid":{"rendered":"https:\/\/test.carevents.fr\/?page_id=63"},"modified":"2025-06-09T08:51:43","modified_gmt":"2025-06-09T08:51:43","slug":"cannes-isola-circuit-supercar","status":"publish","type":"page","link":"https:\/\/test.carevents.fr\/fr\/supercars-cannes-evenements\/cannes-isola-circuit-supercar\/","title":{"rendered":"Circuit Supercar de Cannes \u00e0 Isola 2000 | CarEvents"},"content":{"rendered":"\n  <div class=\"banner has-hover\" id=\"banner-395089934\">\n          <div class=\"banner-inner fill\">\n        <div class=\"banner-bg fill\" >\n                                                \n                    <\/div>\n\t\t\n        <div class=\"banner-layers container\">\n            <div class=\"fill banner-link\"><\/div>               <div id=\"text-box-840813135\" class=\"text-box banner-layer x100 md-x100 lg-x100 y0 md-y0 lg-y0 res-text\">\n                                <div class=\"text-box-content text dark\">\n              \n              <div class=\"text-inner text-left\">\n                  <h3><strong>CANNES &gt; ISOLA 2000 &gt; CANNES<\/strong> <strong>240 kilom\u00e8tres \u2013 1 journ\u00e9e<\/strong><\/h3>              <\/div>\n           <\/div>\n                            \n<style>\n#text-box-840813135 {\n  width: 100%;\n}\n#text-box-840813135 .text-box-content {\n  font-size: 100%;\n}\n<\/style>\n    <\/div>\n    <div id=\"text-box-416711810\" class=\"text-box banner-layer x5 md-x5 lg-x5 y50 md-y50 lg-y50 res-text\">\n                                <div class=\"text-box-content text dark text-shadow-3\">\n              \n              <div class=\"text-inner text-left\">\n                  \t<div id=\"text-1432009728\" class=\"text\">\n\t\t<p><strong>1495\u202f\u20ac TTC \/ par personne<\/strong><br \/>Minimum 10 personnes<br \/>Maximum 20 personnes<br \/>2 personnes par voiture  <\/p><hr \/><p><strong>Accueil avec boissons chaudes et viennoiseries<\/strong><br \/>Briefing<br \/>D\u00e9part vers Isola 2000 par les routes de montagne<br \/>Pause toutes les 30 minutes pour changer de v\u00e9hicule<br \/>Conduite sur piste de glace avec voitures pr\u00e9par\u00e9es ou sortie en motoneige (selon l\u2019\u00e9tat de la piste)<br \/>Repas et boissons non alcoolis\u00e9es dans un chalet<br \/>Retour \u00e0 Cannes  <\/p><hr \/><p><strong>SEA TO SKY<\/strong>\t\t\n<style>\n#text-1432009728 {\n  line-height: 1.65;\n}\n<\/style>\n\t<\/div>\n\t              <\/div>\n           <\/div>\n                            \n<style>\n#text-box-416711810 .text-box-content {\n  background-color: rgba(6, 5, 5, 0.401);\n  font-size: 118%;\n}\n#text-box-416711810 {\n  width: 60%;\n}\n@media (min-width:550px) {\n  #text-box-416711810 {\n    width: 43%;\n  }\n}\n<\/style>\n    <\/div>\n         <\/div>\n      <\/div>\n\n            \n<style>\n#banner-395089934 {\n  padding-top: 650px;\n}\n<\/style>\n  <\/div>\n\n\n\t<section class=\"section\" id=\"section_1787152203\">\n\t\t<div class=\"section-bg fill\" >\n\t\t\t\t\t\t\t\t\t\n\t\t\t\n\n\t\t<\/div>\n\n\t\t\n\n\t\t<div class=\"section-content relative\">\n\t\t\t<div class=\"row\"  id=\"row-905405333\">\n\t<div id=\"col-1948405371\" class=\"col small-12 large-12\"  >\n\t\t\t\t<div class=\"col-inner dark\"  >\n\t\t\t\n\t\t\t<h2><strong>Un road trip en supercar de Cannes \u00e0 Isola 2000 en une journ\u00e9e<\/strong><\/h2><p>Envie d\u2019autre chose que la c\u00f4te\u202f? Le circuit supercar Cannes\u2013Isola 2000 vous emm\u00e8ne du luxe ensoleill\u00e9 de la Riviera \u00e0 l\u2019air vif des Alpes du Sud \u2014 en une seule journ\u00e9e inoubliable.<\/p><p>D\u00e9part de Cannes \u00e0 bord de supercars telles que Ferrari, McLaren ou AMG. Vous emprunterez les routes de montagne sinueuses vers Isola 2000, avec un changement de voiture toutes les 30 minutes pour varier les sensations.<\/p><p>Et la cerise sur le g\u00e2teau\u202f? Une fois \u00e0 Isola 2000, l\u2019exp\u00e9rience se poursuit sur la neige. Selon les conditions, vous conduirez sur piste de glace avec des v\u00e9hicules sp\u00e9cialement pr\u00e9par\u00e9s, ou partirez en motoneige \u00e0 travers les paysages alpins. Le d\u00e9jeuner dans un chalet de montagne avec boissons sans alcool est compris.<\/p><p>Cette aventure est limit\u00e9e \u00e0 10\u201320 participants, deux par voiture, et comprend un accueil chaleureux \u00e0 Cannes, un briefing s\u00e9curit\u00e9 et toute la logistique organis\u00e9e.<\/p><p>\u00c0 partir de 1495\u202f\u20ac par personne, ce road trip supercar \u201cmer-montagne\u201d est une exp\u00e9rience exclusive condens\u00e9e en une seule journ\u00e9e.<\/p>\t\t<\/div>\n\t\t\t\t\t<\/div>\n\n\t<\/div>\t\t<\/div>\n\n\t\t\n<style>\n#section_1787152203 {\n  padding-top: 30px;\n  padding-bottom: 30px;\n}\n<\/style>\n\t<\/section>\n\t\n\t<section class=\"section\" id=\"section_1363066803\">\n\t\t<div class=\"section-bg fill\" >\n\t\t\t\t\t\t\t\t\t\n\t\t\t\n\n\t\t<\/div>\n\n\t\t\n\n\t\t<div class=\"section-content relative\">\n\t\t\t<div class=\"row\"  id=\"row-1690985475\">\n\t<div id=\"col-1725048485\" class=\"col small-12 large-12\"  >\n\t\t\t\t<div class=\"col-inner\"  >\n\t\t\t\n\t\t\t<div class=\"video video-fit mb\" style=\"padding-top:56.25%;\"><iframe loading=\"lazy\" title=\"CarEvents - Roadgame - Supercars Driving Experience\" width=\"1020\" height=\"574\" src=\"https:\/\/www.youtube.com\/embed\/N9UlKgqDHBA?feature=oembed\" frameborder=\"0\" allow=\"accelerometer; autoplay; clipboard-write; encrypted-media; gyroscope; picture-in-picture; web-share\" referrerpolicy=\"strict-origin-when-cross-origin\" allowfullscreen><\/iframe><\/div>\t\t<\/div>\n\t\t\t\t\t<\/div>\n\n\t<\/div>\t\t<\/div>\n\n\t\t\n<style>\n#section_1363066803 {\n  padding-top: 30px;\n  padding-bottom: 30px;\n}\n<\/style>\n\t<\/section>\n\t\n\t<section class=\"section dark\" id=\"section_1636183188\">\n\t\t<div class=\"section-bg fill\" >\n\t\t\t\t\t\t\t\t\t\n\t\t\t\n\n\t\t<\/div>\n\n\t\t\n\n\t\t<div class=\"section-content relative\">\n\t\t\t<div class=\"row\"  id=\"row-1418163598\">\n\t<div id=\"col-1996860271\" class=\"col large-12\"  >\n\t\t\t\t<div class=\"col-inner text-center\"  >\n\t\t\t\n\t\t\t<h2>Pr\u00eat pour l\u2019aventure\u202f?<\/h2>\t<div id=\"text-2697409317\" class=\"text\">\n\t\t<p>D\u00e9tails du groupe<\/p>\t\t\n<style>\n#text-2697409317 {\n  color: light;\n}\n#text-2697409317 > * {\n  color: light;\n}\n<\/style>\n\t<\/div>\n\t<a href=\"\/fr\/contact\" class=\"button primary is-primary\" >\n\t\t<span>Contactez-nous<\/span>\n\t<\/a>\n\t\t<\/div>\n\t\t\t\t\t<\/div>\n\n\t<\/div>\t\t<\/div>\n\n\t\t\n<style>\n#section_1636183188 {\n  padding-top: 30px;\n  padding-bottom: 30px;\n  background-color: dark;\n}\n<\/style>\n\t<\/section>\n\t","protected":false},"excerpt":{"rendered":"","protected":false},"author":1,"featured_media":40,"parent":61,"menu_order":4,"comment_status":"closed","ping_status":"closed","template":"page-blank.php","meta":{"footnotes":""},"class_list":["post-63","page","type-page","status-publish","has-post-thumbnail","hentry"],"_links":{"self":[{"href":"https:\/\/test.carevents.fr\/fr\/wp-json\/wp\/v2\/pages\/63","targetHints":{"allow":["GET"]}}],"collection":[{"href":"https:\/\/test.carevents.fr\/fr\/wp-json\/wp\/v2\/pages"}],"about":[{"href":"https:\/\/test.carevents.fr\/fr\/wp-json\/wp\/v2\/types\/page"}],"author":[{"embeddable":true,"href":"https:\/\/test.carevents.fr\/fr\/wp-json\/wp\/v2\/users\/1"}],"replies":[{"embeddable":true,"href":"https:\/\/test.carevents.fr\/fr\/wp-json\/wp\/v2\/comments?post=63"}],"version-history":[{"count":1,"href":"https:\/\/test.carevents.fr\/fr\/wp-json\/wp\/v2\/pages\/63\/revisions"}],"predecessor-version":[{"id":71,"href":"https:\/\/test.carevents.fr\/fr\/wp-json\/wp\/v2\/pages\/63\/revisions\/71"}],"up":[{"embeddable":true,"href":"https:\/\/test.carevents.fr\/fr\/wp-json\/wp\/v2\/pages\/61"}],"wp:featuredmedia":[{"embeddable":true,"href":"https:\/\/test.carevents.fr\/fr\/wp-json\/wp\/v2\/media\/40"}],"wp:attachment":[{"href":"https:\/\/test.carevents.fr\/fr\/wp-json\/wp\/v2\/media?parent=63"}],"curies":[{"name":"wp","href":"https:\/\/api.w.org\/{rel}","templated":true}]}}