{"id":64,"date":"2025-06-04T22:45:14","date_gmt":"2025-06-04T22:45:14","guid":{"rendered":"https:\/\/test.carevents.fr\/?page_id=64"},"modified":"2025-06-09T08:51:43","modified_gmt":"2025-06-09T08:51:43","slug":"circuit-supercar-vie-de-chateau","status":"publish","type":"page","link":"https:\/\/test.carevents.fr\/fr\/supercars-cannes-evenements\/circuit-supercar-vie-de-chateau\/","title":{"rendered":"Circuit d\u2019Exception en Supercar \u2013 La Vie de Ch\u00e2teau | CarEvents"},"content":{"rendered":"\n  <div class=\"banner has-hover\" id=\"banner-1584205954\">\n          <div class=\"banner-inner fill\">\n        <div class=\"banner-bg fill\" >\n                                                \n                    <\/div>\n\t\t\n        <div class=\"banner-layers container\">\n            <div class=\"fill banner-link\"><\/div>               <div id=\"text-box-1656168296\" class=\"text-box banner-layer x0 md-x0 lg-x0 y0 md-y0 lg-y0 res-text\">\n                                <div class=\"text-box-content text dark\">\n              \n              <div class=\"text-inner text-left\">\n                  <h3><strong>CANNES &gt; SAINT-TROPEZ &gt; SAINTE-CROIX-DU-VERDON &gt; CANNES<\/strong><br \/>320 kilom\u00e8tres \u2013 2 nuits \/ 3 jours<\/h3>              <\/div>\n           <\/div>\n                            \n<style>\n#text-box-1656168296 {\n  width: 100%;\n}\n#text-box-1656168296 .text-box-content {\n  font-size: 105%;\n}\n<\/style>\n    <\/div>\n    <div id=\"text-box-686886540\" class=\"text-box banner-layer x5 md-x5 lg-x5 y50 md-y50 lg-y50 res-text\">\n                                <div class=\"text-box-content text dark text-shadow-3\">\n              \n              <div class=\"text-inner text-left\">\n                  \t<div id=\"text-585210796\" class=\"text\">\n\t\t<p><strong>1995\u202f\u20ac TTC \/ par personne<\/strong><br \/>Minimum 10 participants<br \/>Maximum 20 participants<br \/>2 personnes par v\u00e9hicule<\/p><hr \/><p><strong>Accueil et briefing<\/strong><br \/>D\u00e9part vers Saint-Tropez<br \/>D\u00eener gastronomique et nuit en h\u00f4tel 5* (chambre individuelle avec petit-d\u00e9jeuner)<br \/>Briefing le lendemain, puis d\u00e9part pour Sainte-Croix-du-Verdon<br \/>D\u00e9jeuner charcuterie &#038; fromages dans un restaurant panoramique<br \/>Retour vers Cannes par les routes de montagne<br \/>D\u00eener et nuit en h\u00f4tel 5* \u00e0 Cannes (chambre individuelle avec petit-d\u00e9jeuner)<\/p><hr \/><p><strong>LA VIE DE CH\u00c2TEAU<\/strong>\t\t\n<style>\n#text-585210796 {\n  line-height: 1.35;\n}\n<\/style>\n\t<\/div>\n\t              <\/div>\n           <\/div>\n                            \n<style>\n#text-box-686886540 .text-box-content {\n  background-color: rgba(6, 5, 5, 0.401);\n  font-size: 122%;\n}\n#text-box-686886540 {\n  width: 60%;\n}\n@media (min-width:550px) {\n  #text-box-686886540 {\n    width: 47%;\n  }\n}\n<\/style>\n    <\/div>\n         <\/div>\n      <\/div>\n\n            \n<style>\n#banner-1584205954 {\n  padding-top: 650px;\n}\n<\/style>\n  <\/div>\n\n\n\t<section class=\"section\" id=\"section_1819764766\">\n\t\t<div class=\"section-bg fill\" >\n\t\t\t\t\t\t\t\t\t\n\t\t\t\n\n\t\t<\/div>\n\n\t\t\n\n\t\t<div class=\"section-content relative\">\n\t\t\t<div class=\"row\"  id=\"row-1868977626\">\n\t<div id=\"col-999620616\" class=\"col small-12 large-12\"  >\n\t\t\t\t<div class=\"col-inner dark\"  >\n\t\t\t\n\t\t\t<h2><strong>Vivez La Vie de Ch\u00e2teau : Un Circuit d\u2019Exception en Supercar sur la C\u00f4te d\u2019Azur<\/strong><\/h2><p>Envie d\u2019une escapade vraiment inoubliable\u202f? D\u00e9couvrez \u00ab\u202fLa Vie de Ch\u00e2teau\u202f\u00bb, un circuit exclusif de 3 jours en supercar entre la C\u00f4te d\u2019Azur et la Provence. Un voyage de prestige m\u00ealant luxe, paysages \u00e0 couper le souffle, gastronomie et adr\u00e9naline.<\/p><p>Le d\u00e9part se fait \u00e0 Cannes, o\u00f9 vous prenez le volant d\u2019un bolide de r\u00eave \u2014 Ferrari, Bentley ou AMG. Vous suivez les routes c\u00f4ti\u00e8res vers Saint-Tropez, puis traversez les montagnes du Verdon jusqu\u2019au lac sublime de Sainte-Croix-du-Verdon.<\/p><ul><li><strong>Jour 1<\/strong> : D\u00e9part vers Saint-Tropez, d\u00eener raffin\u00e9 et nuit en h\u00f4tel 5*.<\/li><li><strong>Jour 2<\/strong> : Route vers le Verdon, d\u00e9jeuner panoramique, retour \u00e0 Cannes par les hauteurs.<\/li><li><strong>Jour 3<\/strong> : Petit-d\u00e9jeuner, d\u00e9tente et fin du parcours \u00e0 Cannes.<\/li><\/ul><p>Ce voyage inclut deux nuits en h\u00e9bergements haut de gamme (1 chambre individuelle), des repas gastronomiques, des briefings de s\u00e9curit\u00e9, et une coordination compl\u00e8te par notre \u00e9quipe. Vous changerez de v\u00e9hicule plusieurs fois pour tester diff\u00e9rentes supercars.<\/p><p>Tarif : \u00e0 partir de 1995\u202f\u20ac TTC par personne.<br \/>Id\u00e9al pour les \u00e9v\u00e9nements d\u2019entreprise, les groupes priv\u00e9s ou les c\u00e9l\u00e9brations de prestige.<\/p>\t\t<\/div>\n\t\t\t\t\t<\/div>\n\n\t<\/div>\t\t<\/div>\n\n\t\t\n<style>\n#section_1819764766 {\n  padding-top: 30px;\n  padding-bottom: 30px;\n}\n<\/style>\n\t<\/section>\n\t\n\t<section class=\"section\" id=\"section_287620914\">\n\t\t<div class=\"section-bg fill\" >\n\t\t\t\t\t\t\t\t\t\n\t\t\t\n\n\t\t<\/div>\n\n\t\t\n\n\t\t<div class=\"section-content relative\">\n\t\t\t<div class=\"row\"  id=\"row-1227906665\">\n\t<div id=\"col-150061646\" class=\"col small-12 large-12\"  >\n\t\t\t\t<div class=\"col-inner\"  >\n\t\t\t\n\t\t\t<div class=\"video video-fit mb\" style=\"padding-top:56.25%;\"><iframe loading=\"lazy\" title=\"CarEvents - Roadgame - Supercars Driving Experience\" width=\"1020\" height=\"574\" src=\"https:\/\/www.youtube.com\/embed\/N9UlKgqDHBA?feature=oembed\" frameborder=\"0\" allow=\"accelerometer; autoplay; clipboard-write; encrypted-media; gyroscope; picture-in-picture; web-share\" referrerpolicy=\"strict-origin-when-cross-origin\" allowfullscreen><\/iframe><\/div>\t\t<\/div>\n\t\t\t\t\t<\/div>\n\n\t<\/div>\t\t<\/div>\n\n\t\t\n<style>\n#section_287620914 {\n  padding-top: 30px;\n  padding-bottom: 30px;\n}\n<\/style>\n\t<\/section>\n\t\n\t<section class=\"section dark\" id=\"section_2116655209\">\n\t\t<div class=\"section-bg fill\" >\n\t\t\t\t\t\t\t\t\t\n\t\t\t\n\n\t\t<\/div>\n\n\t\t\n\n\t\t<div class=\"section-content relative\">\n\t\t\t<div class=\"row\"  id=\"row-1218691905\">\n\t<div id=\"col-1287100361\" class=\"col large-12\"  >\n\t\t\t\t<div class=\"col-inner text-center\"  >\n\t\t\t\n\t\t\t<h2>Pret(e) \u00e0 vivre l\u2019exp\u00e9rience\u202f?<\/h2>\t<div id=\"text-3986577367\" class=\"text\">\n\t\tD\u00e9tails &#038; Inscriptions\t\t\n<style>\n#text-3986577367 {\n  color: light;\n}\n#text-3986577367 > * {\n  color: light;\n}\n<\/style>\n\t<\/div>\n\t<a href=\"\/contact\" class=\"button primary is-primary\" >\n\t\t<span>Nous contacter<\/span>\n\t<\/a>\n\t\t<\/div>\n\t\t\t\t\t<\/div>\n\n\t<\/div>\t\t<\/div>\n\n\t\t\n<style>\n#section_2116655209 {\n  padding-top: 30px;\n  padding-bottom: 30px;\n  background-color: dark;\n}\n<\/style>\n\t<\/section>\n\t","protected":false},"excerpt":{"rendered":"","protected":false},"author":1,"featured_media":48,"parent":61,"menu_order":5,"comment_status":"closed","ping_status":"closed","template":"page-blank.php","meta":{"footnotes":""},"class_list":["post-64","page","type-page","status-publish","has-post-thumbnail","hentry"],"_links":{"self":[{"href":"https:\/\/test.carevents.fr\/fr\/wp-json\/wp\/v2\/pages\/64","targetHints":{"allow":["GET"]}}],"collection":[{"href":"https:\/\/test.carevents.fr\/fr\/wp-json\/wp\/v2\/pages"}],"about":[{"href":"https:\/\/test.carevents.fr\/fr\/wp-json\/wp\/v2\/types\/page"}],"author":[{"embeddable":true,"href":"https:\/\/test.carevents.fr\/fr\/wp-json\/wp\/v2\/users\/1"}],"replies":[{"embeddable":true,"href":"https:\/\/test.carevents.fr\/fr\/wp-json\/wp\/v2\/comments?post=64"}],"version-history":[{"count":1,"href":"https:\/\/test.carevents.fr\/fr\/wp-json\/wp\/v2\/pages\/64\/revisions"}],"predecessor-version":[{"id":72,"href":"https:\/\/test.carevents.fr\/fr\/wp-json\/wp\/v2\/pages\/64\/revisions\/72"}],"up":[{"embeddable":true,"href":"https:\/\/test.carevents.fr\/fr\/wp-json\/wp\/v2\/pages\/61"}],"wp:featuredmedia":[{"embeddable":true,"href":"https:\/\/test.carevents.fr\/fr\/wp-json\/wp\/v2\/media\/48"}],"wp:attachment":[{"href":"https:\/\/test.carevents.fr\/fr\/wp-json\/wp\/v2\/media?parent=64"}],"curies":[{"name":"wp","href":"https:\/\/api.w.org\/{rel}","templated":true}]}}