{"id":65,"date":"2025-06-04T22:30:15","date_gmt":"2025-06-04T22:30:15","guid":{"rendered":"https:\/\/test.carevents.fr\/?page_id=65"},"modified":"2025-06-09T08:51:43","modified_gmt":"2025-06-09T08:51:43","slug":"circuit-cannes-saint-tropez","status":"publish","type":"page","link":"https:\/\/test.carevents.fr\/fr\/supercars-cannes-evenements\/circuit-cannes-saint-tropez\/","title":{"rendered":"Road Trip Supercar Cannes Saint-Tropez | CarEvents"},"content":{"rendered":"\n  <div class=\"banner has-hover\" id=\"banner-2024886206\">\n          <div class=\"banner-inner fill\">\n        <div class=\"banner-bg fill\" >\n                                                \n                    <\/div>\n\t\t\n        <div class=\"banner-layers container\">\n            <div class=\"fill banner-link\"><\/div>               <div id=\"text-box-790299410\" class=\"text-box banner-layer x0 md-x0 lg-x0 y0 md-y0 lg-y0 res-text\">\n                                <div class=\"text-box-content text dark\">\n              \n              <div class=\"text-inner text-center\">\n                  <h3><strong>CANNES &gt; SAINT-TROPEZ &gt; CANNES<\/strong> <strong>180 KILOM\u00c8TRES \u2013 5 HEURES<\/strong><\/h3>              <\/div>\n           <\/div>\n                            \n<style>\n#text-box-790299410 {\n  width: 100%;\n}\n#text-box-790299410 .text-box-content {\n  font-size: 100%;\n}\n<\/style>\n    <\/div>\n    <div id=\"text-box-289978639\" class=\"text-box banner-layer x5 md-x5 lg-x5 y50 md-y50 lg-y50 res-text\">\n                                <div class=\"text-box-content text dark text-shadow-3\">\n              \n              <div class=\"text-inner text-left\">\n                  \t<div id=\"text-2226536470\" class=\"text\">\n\t\t<p><strong>895\u202f\u20ac TTC \/ par personne<\/strong><br \/>Minimum 10 participants<br \/>Maximum 20 participants<br \/>2 personnes par voiture<\/p><p><strong>Accueil avec boissons chaudes et viennoiseries<\/strong><br \/>Briefing<br \/>D\u00e9part vers Saint-Tropez par la route c\u00f4ti\u00e8re<br \/>et la Corniche de l\u2019Est\u00e9rel<br \/>Pause toutes les 30 minutes pour changer de v\u00e9hicule<br \/>Boisson chaude ou rafra\u00eechissante \u00e0 Saint-Tropez<br \/>Retour \u00e0 Cannes<\/p><p><strong>ROADGAME SAINT-TROPEZ<\/strong><\/p>\t\t\n<style>\n#text-2226536470 {\n  line-height: 1.85;\n}\n<\/style>\n\t<\/div>\n\t              <\/div>\n           <\/div>\n                            \n<style>\n#text-box-289978639 .text-box-content {\n  background-color: rgba(6, 5, 5, 0.401);\n  font-size: 121%;\n}\n#text-box-289978639 {\n  width: 60%;\n}\n@media (min-width:550px) {\n  #text-box-289978639 {\n    width: 59%;\n  }\n}\n<\/style>\n    <\/div>\n         <\/div>\n      <\/div>\n\n            \n<style>\n#banner-2024886206 {\n  padding-top: 650px;\n}\n<\/style>\n  <\/div>\n\n\n\t<section class=\"section dark\" id=\"section_808823325\">\n\t\t<div class=\"section-bg fill\" >\n\t\t\t\t\t\t\t\t\t\n\t\t\t\n\n\t\t<\/div>\n\n\t\t\n\n\t\t<div class=\"section-content relative\">\n\t\t\t<div class=\"row\"  id=\"row-267587460\">\n\t<div id=\"col-1460718457\" class=\"col large-12\"  >\n\t\t\t\t<div class=\"col-inner text-left\"  >\n\t\t\t\n\t\t\t<h2><strong>Vivez un road trip en supercar de Cannes \u00e0 Saint-Tropez<\/strong><\/h2><p>Offrez-vous un road trip en supercar entre Cannes et Saint-Tropez \u2014 une escapade c\u00f4ti\u00e8re luxueuse con\u00e7ue pour les amateurs de vitesse, d\u2019\u00e9l\u00e9gance et de panoramas m\u00e9diterran\u00e9ens.<\/p><p>Depuis Cannes, ce trajet de 5 heures vous emm\u00e8ne le long de la c\u00e9l\u00e8bre Corniche de l\u2019Est\u00e9rel, entre vues spectaculaires sur la mer, courbes de montagne et glamour azur\u00e9en. Derri\u00e8re le volant d\u2019une Ferrari, Bentley ou Mercedes AMG, vous changerez de voiture toutes les 30 minutes pour profiter de plusieurs mod\u00e8les.<\/p><p>Con\u00e7u pour des groupes de 10 \u00e0 20 personnes (deux par voiture), le programme d\u00e9bute par un accueil avec caf\u00e9 et viennoiseries, suivi d\u2019un briefing. Puis, c\u2019est le d\u00e9part vers Saint-Tropez pour une pause chic avec rafra\u00eechissements, avant le retour \u00e0 Cannes dans une ambiance de pur plaisir automobile.<\/p><p>Que ce soit pour un s\u00e9minaire d\u2019entreprise, une c\u00e9l\u00e9bration priv\u00e9e ou un moment exclusif entre amis, ce road trip en supercar allie adr\u00e9naline, luxe et charme de la Riviera \u2014 \u00e0 partir de 895\u202f\u20ac par personne.<\/p>\t\t<\/div>\n\t\t\t\t\t<\/div>\n\n\t\n<style>\n#row-267587460 > .col > .col-inner {\n  background-color: rgb(0,0,0);\n}\n<\/style>\n<\/div>\t\t<\/div>\n\n\t\t\n<style>\n#section_808823325 {\n  padding-top: 30px;\n  padding-bottom: 30px;\n  background-color: rgb(0,0,0);\n}\n<\/style>\n\t<\/section>\n\t\n\t<section class=\"section\" id=\"section_353445298\">\n\t\t<div class=\"section-bg fill\" >\n\t\t\t\t\t\t\t\t\t\n\t\t\t\n\n\t\t<\/div>\n\n\t\t\n\n\t\t<div class=\"section-content relative\">\n\t\t\t<div class=\"row\"  id=\"row-1960513509\">\n\t<div id=\"col-1577210055\" class=\"col small-12 large-12\"  >\n\t\t\t\t<div class=\"col-inner\"  >\n\t\t\t\n\t\t\t<div class=\"video video-fit mb\" style=\"padding-top:56.25%;\"><iframe loading=\"lazy\" title=\"CarEvents - Roadgame - Supercars Driving Experience\" width=\"1020\" height=\"574\" src=\"https:\/\/www.youtube.com\/embed\/N9UlKgqDHBA?feature=oembed\" frameborder=\"0\" allow=\"accelerometer; autoplay; clipboard-write; encrypted-media; gyroscope; picture-in-picture; web-share\" referrerpolicy=\"strict-origin-when-cross-origin\" allowfullscreen><\/iframe><\/div>\t\t<\/div>\n\t\t\t\t\t<\/div>\n\n\t<\/div>\t\t<\/div>\n\n\t\t\n<style>\n#section_353445298 {\n  padding-top: 30px;\n  padding-bottom: 30px;\n}\n<\/style>\n\t<\/section>\n\t\n\t<section class=\"section dark\" id=\"section_1902045149\">\n\t\t<div class=\"section-bg fill\" >\n\t\t\t\t\t\t\t\t\t\n\t\t\t\n\n\t\t<\/div>\n\n\t\t\n\n\t\t<div class=\"section-content relative\">\n\t\t\t<div class=\"row\"  id=\"row-1700674380\">\n\t<div id=\"col-1301567732\" class=\"col large-12\"  >\n\t\t\t\t<div class=\"col-inner text-center\"  >\n\t\t\t\n\t\t\t<h2>Pr\u00eat pour l\u2019aventure ?<\/h2>\t<div id=\"text-1169172378\" class=\"text\">\n\t\t<p>D\u00e9tails du groupe<\/p>\t\t\n<style>\n#text-1169172378 {\n  color: light;\n}\n#text-1169172378 > * {\n  color: light;\n}\n<\/style>\n\t<\/div>\n\t<a href=\"\/fr\/contact\" class=\"button primary is-primary\" >\n\t\t<span>Contactez-nous<\/span>\n\t<\/a>\n\t\t<\/div>\n\t\t\t\t\t<\/div>\n\n\t<\/div>\t\t<\/div>\n\n\t\t\n<style>\n#section_1902045149 {\n  padding-top: 30px;\n  padding-bottom: 30px;\n  background-color: dark;\n}\n<\/style>\n\t<\/section>\n\t","protected":false},"excerpt":{"rendered":"","protected":false},"author":1,"featured_media":51,"parent":61,"menu_order":3,"comment_status":"closed","ping_status":"closed","template":"page-blank.php","meta":{"footnotes":""},"class_list":["post-65","page","type-page","status-publish","has-post-thumbnail","hentry"],"_links":{"self":[{"href":"https:\/\/test.carevents.fr\/fr\/wp-json\/wp\/v2\/pages\/65","targetHints":{"allow":["GET"]}}],"collection":[{"href":"https:\/\/test.carevents.fr\/fr\/wp-json\/wp\/v2\/pages"}],"about":[{"href":"https:\/\/test.carevents.fr\/fr\/wp-json\/wp\/v2\/types\/page"}],"author":[{"embeddable":true,"href":"https:\/\/test.carevents.fr\/fr\/wp-json\/wp\/v2\/users\/1"}],"replies":[{"embeddable":true,"href":"https:\/\/test.carevents.fr\/fr\/wp-json\/wp\/v2\/comments?post=65"}],"version-history":[{"count":1,"href":"https:\/\/test.carevents.fr\/fr\/wp-json\/wp\/v2\/pages\/65\/revisions"}],"predecessor-version":[{"id":73,"href":"https:\/\/test.carevents.fr\/fr\/wp-json\/wp\/v2\/pages\/65\/revisions\/73"}],"up":[{"embeddable":true,"href":"https:\/\/test.carevents.fr\/fr\/wp-json\/wp\/v2\/pages\/61"}],"wp:featuredmedia":[{"embeddable":true,"href":"https:\/\/test.carevents.fr\/fr\/wp-json\/wp\/v2\/media\/51"}],"wp:attachment":[{"href":"https:\/\/test.carevents.fr\/fr\/wp-json\/wp\/v2\/media?parent=65"}],"curies":[{"name":"wp","href":"https:\/\/api.w.org\/{rel}","templated":true}]}}