{"id":74,"date":"2025-06-04T18:04:00","date_gmt":"2025-06-04T18:04:00","guid":{"rendered":"https:\/\/test.carevents.fr\/?page_id=74"},"modified":"2025-06-09T08:51:43","modified_gmt":"2025-06-09T08:51:43","slug":"circuit-cannes-monaco","status":"publish","type":"page","link":"https:\/\/test.carevents.fr\/fr\/supercars-cannes-evenements\/circuit-cannes-monaco\/","title":{"rendered":"Circuit en supercar de Cannes \u00e0 Monaco | CarEvents"},"content":{"rendered":"\n  <div class=\"banner has-hover\" id=\"banner-682931818\">\n          <div class=\"banner-inner fill\">\n        <div class=\"banner-bg fill\" >\n                                                \n                    <\/div>\n\t\t\n        <div class=\"banner-layers container\">\n            <div class=\"fill banner-link\"><\/div>               <div id=\"text-box-1865756778\" class=\"text-box banner-layer x100 md-x100 lg-x100 y0 md-y0 lg-y0 res-text\">\n                                <div class=\"text-box-content text dark\">\n              \n              <div class=\"text-inner text-left\">\n                  <h3><span style=\"font-size: 100%\"><strong>CANNES &gt; MONACO &gt; CANNES <\/strong><\/span><span style=\"font-size: 100%\">120 kilom\u00e8tres \u2013 4 heures<\/span><\/h3>              <\/div>\n           <\/div>\n                            \n<style>\n#text-box-1865756778 {\n  width: 100%;\n}\n#text-box-1865756778 .text-box-content {\n  font-size: 100%;\n}\n<\/style>\n    <\/div>\n    <div id=\"text-box-842884666\" class=\"text-box banner-layer x5 md-x5 lg-x5 y50 md-y50 lg-y50 res-text\">\n                                <div class=\"text-box-content text dark text-shadow-3\">\n              \n              <div class=\"text-inner text-left\">\n                  \t<div id=\"text-1404362350\" class=\"text\">\n\t\t<p><strong>Tarifs<\/strong><\/p><ul><li>595\u202f\u20ac TTC \/ personne<\/li><li>10 personnes minimum<\/li><li>20 personnes maximum<\/li><li>2 personnes par voiture<\/li><\/ul><p><strong>Programme<\/strong><\/p><ul><li>Accueil caf\u00e9\/th\u00e9 avec viennoiseries<\/li><li>Briefing s\u00e9curit\u00e9<\/li><li>D\u00e9part vers Monaco via autoroute et routes de montagne<\/li><li>Changement de voiture toutes les 30 minutes<\/li><li>Pause au mythique Caf\u00e9 de Paris \u00e0 Monaco avec temps libre<\/li><li>Retour \u00e0 Cannes<\/li><\/ul>\t\t\n<style>\n#text-1404362350 {\n  line-height: 0.75;\n}\n<\/style>\n\t<\/div>\n\t              <\/div>\n           <\/div>\n                            \n<style>\n#text-box-842884666 .text-box-content {\n  background-color: rgba(6, 5, 5, 0.401);\n  font-size: 120%;\n}\n#text-box-842884666 {\n  width: 60%;\n}\n@media (min-width:550px) {\n  #text-box-842884666 {\n    width: 46%;\n  }\n}\n<\/style>\n    <\/div>\n         <\/div>\n      <\/div>\n\n            \n<style>\n#banner-682931818 {\n  padding-top: 650px;\n}\n<\/style>\n  <\/div>\n\n\n\t<section class=\"section dark\" id=\"section_433121060\">\n\t\t<div class=\"section-bg fill\" >\n\t\t\t\t\t\t\t\t\t<div class=\"section-bg-overlay absolute fill\"><\/div>\n\t\t\t\n\n\t\t<\/div>\n\n\t\t\n\n\t\t<div class=\"section-content relative\">\n\t\t\t<div class=\"row\"  id=\"row-681983101\">\n\t<div id=\"col-1663995667\" class=\"col small-12 large-12\"  >\n\t\t\t\t<div class=\"col-inner\"  >\n\t\t\t\n\t\t\t<h2><strong>Vivez un road trip de r\u00eave entre Cannes et Monaco en supercar<\/strong><\/h2><p>\u00c0 la recherche d\u2019un <strong>road trip en supercar entre Cannes et Monaco<\/strong>\u202f? Ce circuit exclusif vous fait d\u00e9couvrir les plus belles routes entre mer et montagne, au volant de v\u00e9hicules d\u2019exception comme Ferrari, Bentley ou AMG. Une exp\u00e9rience de 4 heures qui allie luxe, paysages sublimes et sensations uniques.<\/p><p>Par petits groupes jusqu\u2019\u00e0 20 participants (2 par voiture), vous changez de v\u00e9hicule toutes les 30 minutes pour multiplier les sensations. La route passe par l\u2019autoroute, les lacets alpins, et s\u2019ach\u00e8ve \u00e0 Monaco pour une pause l\u00e9gendaire au Caf\u00e9 de Paris.<\/p><p>Ce programme haut de gamme inclut un accueil chaleureux, un briefing, un encadrement professionnel, des arr\u00eats gourmets, et une logistique compl\u00e8te.<\/p><p>Id\u00e9al pour un groupe priv\u00e9 ou un \u00e9v\u00e9nement d\u2019entreprise, ce <strong>road trip en supercar<\/strong> vous garantit des souvenirs imp\u00e9rissables sur la C\u00f4te d\u2019Azur.<\/p>\t\t<\/div>\n\t\t\t\t\t<\/div>\n\n\t<\/div>\t\t<\/div>\n\n\t\t\n<style>\n#section_433121060 {\n  padding-top: 30px;\n  padding-bottom: 30px;\n}\n#section_433121060 .section-bg-overlay {\n  background-color: rgba(0,0,0,.5);\n}\n<\/style>\n\t<\/section>\n\t\n\t<section class=\"section\" id=\"section_1602866284\">\n\t\t<div class=\"section-bg fill\" >\n\t\t\t\t\t\t\t\t\t\n\t\t\t\n\n\t\t<\/div>\n\n\t\t\n\n\t\t<div class=\"section-content relative\">\n\t\t\t<div class=\"row\"  id=\"row-1740919301\">\n\t<div id=\"col-1804610249\" class=\"col small-12 large-12\"  >\n\t\t\t\t<div class=\"col-inner\"  >\n\t\t\t\n\t\t\t<div class=\"video video-fit mb\" style=\"padding-top:56.25%;\"><iframe loading=\"lazy\" title=\"CarEvents - Roadgame - Supercars Driving Experience\" width=\"1020\" height=\"574\" src=\"https:\/\/www.youtube.com\/embed\/N9UlKgqDHBA?feature=oembed\" frameborder=\"0\" allow=\"accelerometer; autoplay; clipboard-write; encrypted-media; gyroscope; picture-in-picture; web-share\" referrerpolicy=\"strict-origin-when-cross-origin\" allowfullscreen><\/iframe><\/div>\t\t<\/div>\n\t\t\t\t\t<\/div>\n\n\t<\/div>\t\t<\/div>\n\n\t\t\n<style>\n#section_1602866284 {\n  padding-top: 30px;\n  padding-bottom: 30px;\n}\n<\/style>\n\t<\/section>\n\t\n\t<section class=\"section dark\" id=\"section_2116389900\">\n\t\t<div class=\"section-bg fill\" >\n\t\t\t\t\t\t\t\t\t\n\t\t\t\n\n\t\t<\/div>\n\n\t\t\n\n\t\t<div class=\"section-content relative\">\n\t\t\t<div class=\"row\"  id=\"row-2132357514\">\n\t<div id=\"col-1250874582\" class=\"col large-12\"  >\n\t\t\t\t<div class=\"col-inner text-center\"  >\n\t\t\t\n\t\t\t<h2>Pr\u00eat pour l\u2019aventure\u202f?<\/h2>\t<div id=\"text-3529091688\" class=\"text\">\n\t\t<p>D\u00e9tails pour les groupes :\t\t\n<style>\n#text-3529091688 {\n  color: light;\n}\n#text-3529091688 > * {\n  color: light;\n}\n<\/style>\n\t<\/div>\n\t<a href=\"\/fr\/contact\" class=\"button primary is-primary\" >\n\t\t<span>Nous contacter<\/span>\n\t<\/a>\n\t\t<\/div>\n\t\t\t\t\t<\/div>\n\n\t<\/div>\t\t<\/div>\n\n\t\t\n<style>\n#section_2116389900 {\n  padding-top: 30px;\n  padding-bottom: 30px;\n  background-color: dark;\n}\n<\/style>\n\t<\/section>\n\t","protected":false},"excerpt":{"rendered":"","protected":false},"author":1,"featured_media":55,"parent":61,"menu_order":2,"comment_status":"closed","ping_status":"closed","template":"page-blank.php","meta":{"footnotes":""},"class_list":["post-74","page","type-page","status-publish","has-post-thumbnail","hentry"],"_links":{"self":[{"href":"https:\/\/test.carevents.fr\/fr\/wp-json\/wp\/v2\/pages\/74","targetHints":{"allow":["GET"]}}],"collection":[{"href":"https:\/\/test.carevents.fr\/fr\/wp-json\/wp\/v2\/pages"}],"about":[{"href":"https:\/\/test.carevents.fr\/fr\/wp-json\/wp\/v2\/types\/page"}],"author":[{"embeddable":true,"href":"https:\/\/test.carevents.fr\/fr\/wp-json\/wp\/v2\/users\/1"}],"replies":[{"embeddable":true,"href":"https:\/\/test.carevents.fr\/fr\/wp-json\/wp\/v2\/comments?post=74"}],"version-history":[{"count":1,"href":"https:\/\/test.carevents.fr\/fr\/wp-json\/wp\/v2\/pages\/74\/revisions"}],"predecessor-version":[{"id":76,"href":"https:\/\/test.carevents.fr\/fr\/wp-json\/wp\/v2\/pages\/74\/revisions\/76"}],"up":[{"embeddable":true,"href":"https:\/\/test.carevents.fr\/fr\/wp-json\/wp\/v2\/pages\/61"}],"wp:featuredmedia":[{"embeddable":true,"href":"https:\/\/test.carevents.fr\/fr\/wp-json\/wp\/v2\/media\/55"}],"wp:attachment":[{"href":"https:\/\/test.carevents.fr\/fr\/wp-json\/wp\/v2\/media?parent=74"}],"curies":[{"name":"wp","href":"https:\/\/api.w.org\/{rel}","templated":true}]}}